{"id":718,"date":"2021-11-20T15:26:43","date_gmt":"2021-11-20T18:26:43","guid":{"rendered":"https:\/\/demo.rivaxstudio.com\/kayleen\/?page_id=718"},"modified":"2024-01-20T00:21:22","modified_gmt":"2024-01-20T03:21:22","slug":"home","status":"publish","type":"page","link":"https:\/\/geraquip.com.br\/blog\/","title":{"rendered":"Home"},"content":{"rendered":"\t\t<div data-elementor-type=\"wp-page\" data-elementor-id=\"718\" class=\"elementor elementor-718\">\n\t\t\t\t\t\t\t\t\t<section class=\"elementor-section elementor-top-section elementor-element elementor-element-6b605fb elementor-section-boxed elementor-section-height-default elementor-section-height-default\" data-id=\"6b605fb\" data-element_type=\"section\">\n\t\t\t\t\t\t<div class=\"elementor-container elementor-column-gap-default\">\n\t\t\t\t\t<div class=\"elementor-column elementor-col-33 elementor-top-column elementor-element elementor-element-ec7ad31 elementor-hidden-tablet elementor-hidden-mobile\" data-id=\"ec7ad31\" data-element_type=\"column\">\n\t\t\t<div class=\"elementor-widget-wrap\">\n\t\t\t\t\t\t\t\t\t<\/div>\n\t\t<\/div>\n\t\t\t\t<div class=\"elementor-column elementor-col-33 elementor-top-column elementor-element elementor-element-87ca9a3\" data-id=\"87ca9a3\" data-element_type=\"column\">\n\t\t\t<div class=\"elementor-widget-wrap elementor-element-populated\">\n\t\t\t\t\t\t\t\t<div class=\"elementor-element elementor-element-65c04b7 rivax-align-center elementor-widget rivax-divider-heading-widget\" data-id=\"65c04b7\" data-element_type=\"widget\" data-widget_type=\"rivax-divider-heading.default\">\n\t\t\t\t<div class=\"elementor-widget-container\">\n\t\t\t<div class=\"rivax-divider-heading-wrap\">\r\n    <div class=\"rivax-divider-heading divider-style-1 \">\r\n        <div class=\"divider divider-1\"><\/div>\r\n        <div class=\"divider divider-2\"><\/div>\r\n        <h4 class=\"title\">\r\n                <span class=\"title-inner\">\r\n            <span class=\"title-text\">\r\n                                Encontre perspectivas dos nossos especialistas sobre temas relevantes para sua tomada de decis\u00e3o no dia a dia.            <\/span>\r\n                    <\/span>\r\n            <\/h4>\r\n    <div class=\"divider divider-3\"><\/div>\r\n    <div class=\"divider divider-4\"><\/div>\r\n<\/div>\r\n<\/div>\r\n\r\n\t\t<\/div>\n\t\t\t\t<\/div>\n\t\t\t\t\t<\/div>\n\t\t<\/div>\n\t\t\t\t<div class=\"elementor-column elementor-col-33 elementor-top-column elementor-element elementor-element-e61e633\" data-id=\"e61e633\" data-element_type=\"column\">\n\t\t\t<div class=\"elementor-widget-wrap\">\n\t\t\t\t\t\t\t\t\t<\/div>\n\t\t<\/div>\n\t\t\t\t\t\t\t<\/div>\n\t\t<\/section>\n\t\t\t\t<section class=\"elementor-section elementor-top-section elementor-element elementor-element-5e12a3c elementor-section-boxed elementor-section-height-default elementor-section-height-default\" data-id=\"5e12a3c\" data-element_type=\"section\">\n\t\t\t\t\t\t<div class=\"elementor-container elementor-column-gap-default\">\n\t\t\t\t\t<div class=\"elementor-column elementor-col-100 elementor-top-column elementor-element elementor-element-90dcbfa\" data-id=\"90dcbfa\" data-element_type=\"column\">\n\t\t\t<div class=\"elementor-widget-wrap elementor-element-populated\">\n\t\t\t\t\t\t\t\t<div class=\"elementor-element elementor-element-9c3c423 elementor-widget rivax-post-kenzo-widget\" data-id=\"9c3c423\" data-element_type=\"widget\" data-widget_type=\"rivax-post-kenzo.default\">\n\t\t\t\t<div class=\"elementor-widget-container\">\n\t\t\t<div class=\"rivax-posts-container\">\r\n    <div class=\"rivax-posts-wrapper layout-grid tiles-layout-13\">\r\n                <div class=\"post-item\">\r\n    <article class=\"post-wrapper post-4841 post type-post status-publish format-standard has-post-thumbnail hentry category-manutencao-corretiva category-manutencao-preventiva category-novidades-do-mercado tag-contratacao-de-empresa-de-manutencao tag-empresas-de-manutencao-de-geradores tag-escolha-de-empresa-para-manutencao-de-gerador tag-escolher-empresa-para-servico-de-geradores tag-gerador-a-diesel tag-manutencao-corretiva-de-geradores-a-diesel tag-manutencao-de-gerador-a-diesel tag-manutencao-preventiva-de-geradores tag-servico-de-manutencao-de-geradores\">\r\n        <a class=\"item-link rivax-position-cover\" href=\"https:\/\/geraquip.com.br\/blog\/diesel-b15-o-que-voce-precisa-saber-para-manter-o-seu-equipamento-protegido\/\"><\/a>        <div class=\"image-wrapper\">\r\n            <img decoding=\"async\" width=\"700\" height=\"500\" src=\"https:\/\/geraquip.com.br\/blog\/wp-content\/uploads\/2025\/08\/Imagem-OMNIA-25-de-ago-173625-700x500.jpg\" class=\"attachment-rivax-medium size-rivax-medium wp-post-image\" alt=\"\" title=\"Diesel B15: O que voc\u00ea precisa saber para manter o seu equipamento protegido\" \/>        <\/div>\r\n        <div class=\"content-wrapper rivax-position-bottom-center style-1\">\r\n            <div class=\"content-wrapper-inner\">\r\n                <div class=\"terms-wrapper\"><a class=\"term-item\" href=\"https:\/\/geraquip.com.br\/blog\/categorias\/manutencao-corretiva\/\" >Manuten\u00e7\u00e3o Corretiva<\/a><a class=\"term-item\" href=\"https:\/\/geraquip.com.br\/blog\/categorias\/manutencao-preventiva\/\" >Manuten\u00e7\u00e3o Preventiva<\/a><\/div>                        <h2 class=\"title\">\r\n        <a href=\"https:\/\/geraquip.com.br\/blog\/diesel-b15-o-que-voce-precisa-saber-para-manter-o-seu-equipamento-protegido\/\" class=\"title-animation-default\" title=\"Diesel B15: O que voc\u00ea precisa saber para manter o seu equipamento protegido\">\r\n            Diesel B15: O que voc\u00ea precisa saber para manter o seu equipamento protegido        <\/a>\r\n        <\/h2>\r\n                        <div class=\"meta-wrapper\">\r\n                                                        <\/div>\r\n                            <\/div>\r\n        <\/div>\r\n            <\/article>\r\n<\/div><div class=\"post-item\">\r\n    <article class=\"post-wrapper post-4835 post type-post status-publish format-standard has-post-thumbnail hentry category-manutencao-corretiva category-manutencao-preventiva category-novidades-do-mercado tag-contratacao-de-empresa-de-manutencao tag-empresas-de-manutencao-de-geradores tag-escolha-de-empresa-para-manutencao-de-gerador tag-escolher-empresa-para-servico-de-geradores tag-gerador-a-diesel tag-manutencao-corretiva-de-geradores-a-diesel tag-manutencao-de-gerador-a-diesel tag-manutencao-preventiva-de-geradores tag-servico-de-manutencao-de-geradores\">\r\n        <a class=\"item-link rivax-position-cover\" href=\"https:\/\/geraquip.com.br\/blog\/checklist-de-manutencao-preventiva-prepare-se-para-o-verao\/\"><\/a>        <div class=\"image-wrapper\">\r\n            <img decoding=\"async\" width=\"700\" height=\"500\" src=\"https:\/\/geraquip.com.br\/blog\/wp-content\/uploads\/2024\/10\/DALL\u00b7E-2024-10-25-17.18.49-A-detailed-and-professional-blog-cover-image-for-an-article-about-preventive-maintenance-for-enclosed-power-generators-focusing-on-preparation-for-th-700x500.webp\" class=\"attachment-rivax-medium size-rivax-medium wp-post-image\" alt=\"\" title=\"Checklist de Manuten\u00e7\u00e3o Preventiva \u2013 Prepare-se para o Ver\u00e3o\" \/>        <\/div>\r\n        <div class=\"content-wrapper rivax-position-bottom-center style-1\">\r\n            <div class=\"content-wrapper-inner\">\r\n                <div class=\"terms-wrapper\"><a class=\"term-item\" href=\"https:\/\/geraquip.com.br\/blog\/categorias\/manutencao-corretiva\/\" >Manuten\u00e7\u00e3o Corretiva<\/a><a class=\"term-item\" href=\"https:\/\/geraquip.com.br\/blog\/categorias\/manutencao-preventiva\/\" >Manuten\u00e7\u00e3o Preventiva<\/a><\/div>                        <h2 class=\"title\">\r\n        <a href=\"https:\/\/geraquip.com.br\/blog\/checklist-de-manutencao-preventiva-prepare-se-para-o-verao\/\" class=\"title-animation-default\" title=\"Checklist de Manuten\u00e7\u00e3o Preventiva \u2013 Prepare-se para o Ver\u00e3o\">\r\n            Checklist de Manuten\u00e7\u00e3o Preventiva \u2013 Prepare-se para o Ver\u00e3o        <\/a>\r\n        <\/h2>\r\n                        <div class=\"meta-wrapper\">\r\n                                                        <\/div>\r\n                            <\/div>\r\n        <\/div>\r\n            <\/article>\r\n<\/div><div class=\"post-item\">\r\n    <article class=\"post-wrapper post-4826 post type-post status-publish format-standard has-post-thumbnail hentry category-manutencao-corretiva category-manutencao-preventiva category-novidades-do-mercado tag-contratacao-de-empresa-de-manutencao tag-empresas-de-manutencao-de-geradores tag-escolha-de-empresa-para-manutencao-de-gerador tag-escolher-empresa-para-servico-de-geradores tag-gerador-a-diesel tag-manutencao-corretiva-de-geradores-a-diesel tag-manutencao-de-gerador-a-diesel tag-manutencao-preventiva-de-geradores tag-servico-de-manutencao-de-geradores\">\r\n        <a class=\"item-link rivax-position-cover\" href=\"https:\/\/geraquip.com.br\/blog\/como-evitar-paradas-nao-planejadas-os-5-erros-mais-comuns-na-manutencao-de-geradores-diesel\/\"><\/a>        <div class=\"image-wrapper\">\r\n            <img decoding=\"async\" width=\"700\" height=\"500\" src=\"https:\/\/geraquip.com.br\/blog\/wp-content\/uploads\/2024\/08\/306533292_487855783348533_6428127306518166803_n-700x500.jpg\" class=\"attachment-rivax-medium size-rivax-medium wp-post-image\" alt=\"\" title=\"Como Evitar Paradas N\u00e3o Planejadas: Os 5 Erros Mais Comuns na Manuten\u00e7\u00e3o de Geradores Diesel\" \/>        <\/div>\r\n        <div class=\"content-wrapper rivax-position-bottom-center style-1\">\r\n            <div class=\"content-wrapper-inner\">\r\n                <div class=\"terms-wrapper\"><a class=\"term-item\" href=\"https:\/\/geraquip.com.br\/blog\/categorias\/manutencao-corretiva\/\" >Manuten\u00e7\u00e3o Corretiva<\/a><a class=\"term-item\" href=\"https:\/\/geraquip.com.br\/blog\/categorias\/manutencao-preventiva\/\" >Manuten\u00e7\u00e3o Preventiva<\/a><\/div>                        <h2 class=\"title\">\r\n        <a href=\"https:\/\/geraquip.com.br\/blog\/como-evitar-paradas-nao-planejadas-os-5-erros-mais-comuns-na-manutencao-de-geradores-diesel\/\" class=\"title-animation-default\" title=\"Como Evitar Paradas N\u00e3o Planejadas: Os 5 Erros Mais Comuns na Manuten\u00e7\u00e3o de Geradores Diesel\">\r\n            Como Evitar Paradas N\u00e3o Planejadas: Os 5 Erros Mais Comuns na Manuten\u00e7\u00e3o de Geradores Diesel        <\/a>\r\n        <\/h2>\r\n                        <div class=\"meta-wrapper\">\r\n                                                        <\/div>\r\n                            <\/div>\r\n        <\/div>\r\n            <\/article>\r\n<\/div><div class=\"post-item\">\r\n    <article class=\"post-wrapper post-4800 post type-post status-publish format-standard has-post-thumbnail hentry category-manutencao-corretiva category-manutencao-preventiva category-novidades-do-mercado tag-contratacao-de-empresa-de-manutencao tag-empresas-de-manutencao-de-geradores tag-escolha-de-empresa-para-manutencao-de-gerador tag-escolher-empresa-para-servico-de-geradores tag-gerador-a-diesel tag-manutencao-corretiva-de-geradores-a-diesel tag-manutencao-de-gerador-a-diesel tag-manutencao-preventiva-de-geradores tag-servico-de-manutencao-de-geradores\">\r\n        <a class=\"item-link rivax-position-cover\" href=\"https:\/\/geraquip.com.br\/blog\/como-escolher-a-empresa-para-manutencao-do-seu-gerador\/\"><\/a>        <div class=\"image-wrapper\">\r\n            <img decoding=\"async\" width=\"700\" height=\"500\" src=\"https:\/\/geraquip.com.br\/blog\/wp-content\/uploads\/2024\/05\/Dependable-Power-Gen-Shoot-9-700x500.jpg\" class=\"attachment-rivax-medium size-rivax-medium wp-post-image\" alt=\"\" title=\"Como escolher a empresa para manuten\u00e7\u00e3o do seu gerador\" \/>        <\/div>\r\n        <div class=\"content-wrapper rivax-position-bottom-center style-1\">\r\n            <div class=\"content-wrapper-inner\">\r\n                <div class=\"terms-wrapper\"><a class=\"term-item\" href=\"https:\/\/geraquip.com.br\/blog\/categorias\/manutencao-corretiva\/\" >Manuten\u00e7\u00e3o Corretiva<\/a><a class=\"term-item\" href=\"https:\/\/geraquip.com.br\/blog\/categorias\/manutencao-preventiva\/\" >Manuten\u00e7\u00e3o Preventiva<\/a><\/div>                        <h2 class=\"title\">\r\n        <a href=\"https:\/\/geraquip.com.br\/blog\/como-escolher-a-empresa-para-manutencao-do-seu-gerador\/\" class=\"title-animation-default\" title=\"Como escolher a empresa para manuten\u00e7\u00e3o do seu gerador\">\r\n            Como escolher a empresa para manuten\u00e7\u00e3o do seu gerador        <\/a>\r\n        <\/h2>\r\n                        <div class=\"meta-wrapper\">\r\n                                                        <\/div>\r\n                            <\/div>\r\n        <\/div>\r\n            <\/article>\r\n<\/div><div class=\"post-item\">\r\n    <article class=\"post-wrapper post-4797 post type-post status-publish format-standard has-post-thumbnail hentry category-manutencao-corretiva category-manutencao-preventiva category-normas-e-regulamentacoes category-novidades-do-mercado category-treinamento-e-capacitacao tag-combustiveis-limpos-e-renovaveis tag-inovacao-em-oleo-diesel tag-sustentabilidade-no-setor-de-transporte tag-tecnologia-de-dialise-de-oleo-diesel\">\r\n        <a class=\"item-link rivax-position-cover\" href=\"https:\/\/geraquip.com.br\/blog\/dialise-de-oleo-diesel-solucao-eficiente-e-sustentavel\/\"><\/a>        <div class=\"image-wrapper\">\r\n            <img decoding=\"async\" width=\"700\" height=\"500\" src=\"https:\/\/geraquip.com.br\/blog\/wp-content\/uploads\/2024\/05\/oleo-diesel-importancia-e-como-avalia-lo-3-700x500.jpg\" class=\"attachment-rivax-medium size-rivax-medium wp-post-image\" alt=\"\" title=\"Dialise de \u00d3leo Diesel: Solu\u00e7\u00e3o Eficiente e Sustent\u00e1vel\" \/>        <\/div>\r\n        <div class=\"content-wrapper rivax-position-bottom-center style-1\">\r\n            <div class=\"content-wrapper-inner\">\r\n                <div class=\"terms-wrapper\"><a class=\"term-item\" href=\"https:\/\/geraquip.com.br\/blog\/categorias\/manutencao-corretiva\/\" >Manuten\u00e7\u00e3o Corretiva<\/a><a class=\"term-item\" href=\"https:\/\/geraquip.com.br\/blog\/categorias\/manutencao-preventiva\/\" >Manuten\u00e7\u00e3o Preventiva<\/a><\/div>                        <h2 class=\"title\">\r\n        <a href=\"https:\/\/geraquip.com.br\/blog\/dialise-de-oleo-diesel-solucao-eficiente-e-sustentavel\/\" class=\"title-animation-default\" title=\"Dialise de \u00d3leo Diesel: Solu\u00e7\u00e3o Eficiente e Sustent\u00e1vel\">\r\n            Dialise de \u00d3leo Diesel: Solu\u00e7\u00e3o Eficiente e Sustent\u00e1vel        <\/a>\r\n        <\/h2>\r\n                        <div class=\"meta-wrapper\">\r\n                                                        <\/div>\r\n                            <\/div>\r\n        <\/div>\r\n            <\/article>\r\n<\/div><div class=\"post-item\">\r\n    <article class=\"post-wrapper post-4792 post type-post status-publish format-standard has-post-thumbnail hentry category-manutencao-corretiva category-manutencao-preventiva tag-dicas-de-manutencao-de-gerador-a-diesel tag-diesel-generator-maintenance tag-guia-completo-de-manutencao-de-gerador-a-diesel\">\r\n        <a class=\"item-link rivax-position-cover\" href=\"https:\/\/geraquip.com.br\/blog\/manutencao-de-gerador-a-diesel-dicas-e-guia-completo\/\"><\/a>        <div class=\"image-wrapper\">\r\n            <img decoding=\"async\" width=\"700\" height=\"500\" src=\"https:\/\/geraquip.com.br\/blog\/wp-content\/uploads\/2024\/05\/IMG_7326-2-700x500.jpg\" class=\"attachment-rivax-medium size-rivax-medium wp-post-image\" alt=\"\" title=\"Manuten\u00e7\u00e3o de Gerador a Diesel: Dicas e Guia Completo\" \/>        <\/div>\r\n        <div class=\"content-wrapper rivax-position-bottom-center style-1\">\r\n            <div class=\"content-wrapper-inner\">\r\n                <div class=\"terms-wrapper\"><a class=\"term-item\" href=\"https:\/\/geraquip.com.br\/blog\/categorias\/manutencao-corretiva\/\" >Manuten\u00e7\u00e3o Corretiva<\/a><a class=\"term-item\" href=\"https:\/\/geraquip.com.br\/blog\/categorias\/manutencao-preventiva\/\" >Manuten\u00e7\u00e3o Preventiva<\/a><\/div>                        <h2 class=\"title\">\r\n        <a href=\"https:\/\/geraquip.com.br\/blog\/manutencao-de-gerador-a-diesel-dicas-e-guia-completo\/\" class=\"title-animation-default\" title=\"Manuten\u00e7\u00e3o de Gerador a Diesel: Dicas e Guia Completo\">\r\n            Manuten\u00e7\u00e3o de Gerador a Diesel: Dicas e Guia Completo        <\/a>\r\n        <\/h2>\r\n                        <div class=\"meta-wrapper\">\r\n                                                        <\/div>\r\n                            <\/div>\r\n        <\/div>\r\n            <\/article>\r\n<\/div>            <\/div>\r\n    <\/div>\r\n\t\t<\/div>\n\t\t\t\t<\/div>\n\t\t\t\t\t<\/div>\n\t\t<\/div>\n\t\t\t\t\t\t\t<\/div>\n\t\t<\/section>\n\t\t\t\t<section class=\"elementor-section elementor-top-section elementor-element elementor-element-7c52893 elementor-section-boxed elementor-section-height-default elementor-section-height-default\" data-id=\"7c52893\" data-element_type=\"section\">\n\t\t\t\t\t\t<div class=\"elementor-container elementor-column-gap-default\">\n\t\t\t\t\t<div class=\"elementor-column elementor-col-100 elementor-top-column elementor-element elementor-element-a4208aa\" data-id=\"a4208aa\" data-element_type=\"column\">\n\t\t\t<div class=\"elementor-widget-wrap elementor-element-populated\">\n\t\t\t\t\t\t\t\t<div class=\"elementor-element elementor-element-feea944 elementor-widget rivax-post-kenzo-widget\" data-id=\"feea944\" data-element_type=\"widget\" data-widget_type=\"rivax-post-kenzo.default\">\n\t\t\t\t<div class=\"elementor-widget-container\">\n\t\t\t<div class=\"rivax-posts-container\">\r\n    <div class=\"rivax-posts-wrapper layout-grid tiles-layout-23\">\r\n                <div class=\"post-item\">\r\n    <article class=\"post-wrapper post-4794 post type-post status-publish format-standard has-post-thumbnail hentry category-manutencao-preventiva tag-corte-de-custos-em-geradores tag-falhas-em-geradores tag-gerador-diesel tag-manutencao-preventiva-diesel\">\r\n        <a class=\"item-link rivax-position-cover\" href=\"https:\/\/geraquip.com.br\/blog\/manutencao-preventiva-gerador-diesel-reduza-falhas-corte-custos\/\"><\/a>        <div class=\"image-wrapper\">\r\n            <img decoding=\"async\" width=\"700\" height=\"500\" src=\"https:\/\/geraquip.com.br\/blog\/wp-content\/uploads\/2024\/01\/1-2-700x500.png\" class=\"attachment-rivax-medium size-rivax-medium wp-post-image\" alt=\"\" title=\"Manuten\u00e7\u00e3o Preventiva Gerador Diesel: Reduza Falhas, Corte Custos\" \/>        <\/div>\r\n        <div class=\"content-wrapper rivax-position-bottom-center style-1\">\r\n            <div class=\"content-wrapper-inner\">\r\n                <div class=\"terms-wrapper\"><a class=\"term-item\" href=\"https:\/\/geraquip.com.br\/blog\/categorias\/manutencao-preventiva\/\" >Manuten\u00e7\u00e3o Preventiva<\/a><\/div>                        <h2 class=\"title\">\r\n        <a href=\"https:\/\/geraquip.com.br\/blog\/manutencao-preventiva-gerador-diesel-reduza-falhas-corte-custos\/\" class=\"title-animation-default\" title=\"Manuten\u00e7\u00e3o Preventiva Gerador Diesel: Reduza Falhas, Corte Custos\">\r\n            Manuten\u00e7\u00e3o Preventiva Gerador Diesel: Reduza Falhas, Corte Custos        <\/a>\r\n        <\/h2>\r\n                        <div class=\"meta-wrapper\">\r\n                                                        <\/div>\r\n                            <\/div>\r\n        <\/div>\r\n            <\/article>\r\n<\/div>            <\/div>\r\n    <\/div>\r\n\t\t<\/div>\n\t\t\t\t<\/div>\n\t\t\t\t\t<\/div>\n\t\t<\/div>\n\t\t\t\t\t\t\t<\/div>\n\t\t<\/section>\n\t\t\t\t\t\t\t<\/div>\n\t\t","protected":false},"excerpt":{"rendered":"<p>Encontre perspectivas dos nossos especialistas sobre temas relevantes para sua tomada de decis\u00e3o no dia a dia. Casos de SucessoCasos Reais Quando \u00e9 a Hora Certa para Substituir Seu Nobreak? Dicas Pr\u00e1ticasManuten\u00e7\u00e3o Corretiva A Import\u00e2ncia da Manuten\u00e7\u00e3o de Nobreaks: Economize e Garanta a Continuidade Casos de SucessoDicas Pr\u00e1ticas Dimensionamento de Nobreak: Como Garantir a Prote\u00e7\u00e3o [&hellip;]<\/p>\n","protected":false},"author":3,"featured_media":0,"parent":0,"menu_order":0,"comment_status":"closed","ping_status":"closed","template":"elementor_header_footer","meta":{"footnotes":""},"coauthors":[66],"_links":{"self":[{"href":"https:\/\/geraquip.com.br\/blog\/wp-json\/wp\/v2\/pages\/718"}],"collection":[{"href":"https:\/\/geraquip.com.br\/blog\/wp-json\/wp\/v2\/pages"}],"about":[{"href":"https:\/\/geraquip.com.br\/blog\/wp-json\/wp\/v2\/types\/page"}],"author":[{"embeddable":true,"href":"https:\/\/geraquip.com.br\/blog\/wp-json\/wp\/v2\/users\/3"}],"replies":[{"embeddable":true,"href":"https:\/\/geraquip.com.br\/blog\/wp-json\/wp\/v2\/comments?post=718"}],"version-history":[{"count":329,"href":"https:\/\/geraquip.com.br\/blog\/wp-json\/wp\/v2\/pages\/718\/revisions"}],"predecessor-version":[{"id":4728,"href":"https:\/\/geraquip.com.br\/blog\/wp-json\/wp\/v2\/pages\/718\/revisions\/4728"}],"wp:attachment":[{"href":"https:\/\/geraquip.com.br\/blog\/wp-json\/wp\/v2\/media?parent=718"}],"wp:term":[{"taxonomy":"author","embeddable":true,"href":"https:\/\/geraquip.com.br\/blog\/wp-json\/wp\/v2\/coauthors?post=718"}],"curies":[{"name":"wp","href":"https:\/\/api.w.org\/{rel}","templated":true}]}}